{"id":3,"date":"2020-03-13T16:08:43","date_gmt":"2020-03-13T16:08:43","guid":{"rendered":"http:\/\/s817301647.mialojamiento.es\/?page_id=3"},"modified":"2020-06-05T11:49:27","modified_gmt":"2020-06-05T11:49:27","slug":"politica-de-cookies","status":"publish","type":"page","link":"https:\/\/creming.com\/en\/politica-de-cookies","title":{"rendered":"Cookies Policy"},"content":{"rendered":"<p>Esta Web usa Cookies para facilitar la navegaci\u00f3n y para adaptar sus contenidos a las referencias de los usuarios.<\/p>\n<p>Una \u00abCookie\u00bb es un fichero que se descarga en su ordenador al acceder a determinadas p\u00e1ginas Web. Las Cookies son herramientas que permiten a una p\u00e1gina Web, entre otras cosas, almacenar y recuperar informaci\u00f3n sobre los h\u00e1bitos de navegaci\u00f3n de un usuario o de su equipo y, dependiendo de la informaci\u00f3n obtenida, pueden utilizarse para reconocer al usuario y mejorar el servicio ofrecido.<\/p>\n<p>Esta p\u00e1gina web utiliza cookies de rendimiento, cookies de an\u00e1lisis, y cookies publicitarias.<\/p>\n<p>Las cookies se pueden permitir, bloquear o eliminar a trav\u00e9s de la configuraci\u00f3n de las opciones del navegador instalado en el dispositivo.<\/p>\n<p>Al usar la web acepta el\u00a0<a href=\"https:\/\/alcarriabeecompany.es\/aviso-legal\/\">Legal Notice<\/a>, la\u00a0<a href=\"https:\/\/alcarriabeecompany.es\/politica-de-privacidad\/\">Pol\u00edtica de Privacidad<\/a>\u00a0y la Pol\u00edtica de Cookies<\/p>","protected":false},"excerpt":{"rendered":"<p>Esta Web usa Cookies para facilitar la navegaci\u00f3n y para adaptar sus contenidos a las referencias de los usuarios. Una \u00abCookie\u00bb es un fichero que [&hellip;]<\/p>","protected":false},"author":1,"featured_media":0,"parent":0,"menu_order":0,"comment_status":"closed","ping_status":"open","template":"","meta":[],"_links":{"self":[{"href":"https:\/\/creming.com\/en\/wp-json\/wp\/v2\/pages\/3"}],"collection":[{"href":"https:\/\/creming.com\/en\/wp-json\/wp\/v2\/pages"}],"about":[{"href":"https:\/\/creming.com\/en\/wp-json\/wp\/v2\/types\/page"}],"author":[{"embeddable":true,"href":"https:\/\/creming.com\/en\/wp-json\/wp\/v2\/users\/1"}],"replies":[{"embeddable":true,"href":"https:\/\/creming.com\/en\/wp-json\/wp\/v2\/comments?post=3"}],"version-history":[{"count":2,"href":"https:\/\/creming.com\/en\/wp-json\/wp\/v2\/pages\/3\/revisions"}],"predecessor-version":[{"id":1148,"href":"https:\/\/creming.com\/en\/wp-json\/wp\/v2\/pages\/3\/revisions\/1148"}],"wp:attachment":[{"href":"https:\/\/creming.com\/en\/wp-json\/wp\/v2\/media?parent=3"}],"curies":[{"name":"wp","href":"https:\/\/api.w.org\/{rel}","templated":true}]}}